{"id":113,"date":"2017-04-14T13:39:29","date_gmt":"2017-04-14T13:39:29","guid":{"rendered":"http:\/\/denz-artenschutz.de\/?page_id=113"},"modified":"2018-04-01T13:42:06","modified_gmt":"2018-04-01T13:42:06","slug":"impressum","status":"publish","type":"page","link":"https:\/\/artenschutz-bonn-rhein-sieg.de\/?page_id=113","title":{"rendered":"Impressum"},"content":{"rendered":"<p><strong>Dr. rer. nat. Olaf Denz<\/strong><\/p>\n<p>Diplom-Biologe, Unabh\u00e4ngiger Naturschutz-Fachgutachter<\/p>\n<p>B\u00fcro f\u00fcr Vegetationskunde, Tier\u00f6kologie, Naturschutz (BfVTN)<\/p>\n<p>Gudenauer Busch 2<\/p>\n<p>53343 Wachtberg<\/p>\n<p>&nbsp;<\/p>\n<p>Tel.: 02 28 \u2013 9 32 45 18<\/p>\n<p>Mobil: 01 51 \u2013 6 14 14 28 7<\/p>\n<p>Email: denz@artenschutz-bonn-rhein-sieg.de<\/p>\n<p>&nbsp;<\/p>\n<hr \/>\n<p><strong>Inhaltlich verantwortlich gem. \u00a710 Abs. 3 MDStV<\/strong><\/p>\n<p><strong>Dr. Olaf Denz<\/strong><\/p>\n<p>B\u00fcro f\u00fcr Vegetationskunde, Tier\u00f6kologie, Naturschutz (BfVTN)<\/p>\n<p>Gudenauer Busch 2<\/p>\n<p>53343 Wachtberg<\/p>\n<p>&nbsp;<\/p>\n<p>Tel.: 02 28 \u2013 9 32 45 18<\/p>\n<p>Mobil: 01 51 \u2013 6 14 14 28 7<\/p>\n<p>Email: denz@artenschutz-bonn-rhein-sieg.de<\/p>\n","protected":false},"excerpt":{"rendered":"<p>Dr. rer. nat. Olaf Denz Diplom-Biologe, Unabh\u00e4ngiger Naturschutz-Fachgutachter B\u00fcro f\u00fcr Vegetationskunde, Tier\u00f6kologie, Naturschutz (BfVTN) Gudenauer Busch 2 53343 Wachtberg &nbsp; Tel.: 02 28 \u2013 9 32 45 18 Mobil: 01 51 \u2013 6 14 14 28 7 Email: denz@artenschutz-bonn-rhein-sieg.de &nbsp; Inhaltlich verantwortlich gem. \u00a710 Abs. 3 MDStV Dr. Olaf Denz B\u00fcro f\u00fcr Vegetationskunde, Tier\u00f6kologie, Naturschutz &hellip; <\/p>\n<p class=\"link-more\"><a href=\"https:\/\/artenschutz-bonn-rhein-sieg.de\/?page_id=113\" class=\"more-link\"><span class=\"screen-reader-text\">&#8222;Impressum&#8220;<\/span> weiterlesen<\/a><\/p>\n","protected":false},"author":1,"featured_media":0,"parent":0,"menu_order":0,"comment_status":"closed","ping_status":"closed","template":"","meta":[],"_links":{"self":[{"href":"https:\/\/artenschutz-bonn-rhein-sieg.de\/index.php?rest_route=\/wp\/v2\/pages\/113"}],"collection":[{"href":"https:\/\/artenschutz-bonn-rhein-sieg.de\/index.php?rest_route=\/wp\/v2\/pages"}],"about":[{"href":"https:\/\/artenschutz-bonn-rhein-sieg.de\/index.php?rest_route=\/wp\/v2\/types\/page"}],"author":[{"embeddable":true,"href":"https:\/\/artenschutz-bonn-rhein-sieg.de\/index.php?rest_route=\/wp\/v2\/users\/1"}],"replies":[{"embeddable":true,"href":"https:\/\/artenschutz-bonn-rhein-sieg.de\/index.php?rest_route=%2Fwp%2Fv2%2Fcomments&post=113"}],"version-history":[{"count":1,"href":"https:\/\/artenschutz-bonn-rhein-sieg.de\/index.php?rest_route=\/wp\/v2\/pages\/113\/revisions"}],"predecessor-version":[{"id":204,"href":"https:\/\/artenschutz-bonn-rhein-sieg.de\/index.php?rest_route=\/wp\/v2\/pages\/113\/revisions\/204"}],"wp:attachment":[{"href":"https:\/\/artenschutz-bonn-rhein-sieg.de\/index.php?rest_route=%2Fwp%2Fv2%2Fmedia&parent=113"}],"curies":[{"name":"wp","href":"https:\/\/api.w.org\/{rel}","templated":true}]}}