{"id":116,"date":"2017-04-14T13:39:07","date_gmt":"2017-04-14T13:39:07","guid":{"rendered":"http:\/\/denz-artenschutz.de\/?page_id=116"},"modified":"2017-04-14T13:39:07","modified_gmt":"2017-04-14T13:39:07","slug":"disclaimer-und-urherberrecht","status":"publish","type":"page","link":"https:\/\/artenschutz-bonn-rhein-sieg.de\/?page_id=116","title":{"rendered":"Disclaimer und Urherberrecht"},"content":{"rendered":"<h1><strong>Diclaimer<\/strong><\/h1>\n<p>Inhalte des Onlineangebotes \/ Verweise und Links<\/p>\n<p>Dr. Olaf Denz (B\u00fcro f\u00fcr Vegetationskunde, Tier\u00f6kologie, Naturschutz) bem\u00fcht sich im Rahmen des Zumutbaren, dass die auf dieser Internetpr\u00e4senz enthaltenen Informationen und Daten zutreffend sind. Eine Haftung oder Garantie f\u00fcr die Aktualit\u00e4t, Richtigkeit und Vollst\u00e4ndigkeit der zur Verf\u00fcgung gestellten Informationen und Daten ist jedoch ausgeschlossen. Dies gilt auch f\u00fcr alle Verbindungen (\u201eLinks&#8220;), auf die dieser Internetauftritt direkt oder indirekt zu Informationszwecken verweist.<\/p>\n<p>Trotz sorgf\u00e4ltiger inhaltlicher Kontrolle \u00fcbernimmt Dr. Olaf Denz (B\u00fcro f\u00fcr Vegetationskunde, Tier\u00f6kologie, Naturschutz) keine Haftung f\u00fcr die Inhalte externer \u201eLinks\u201c. F\u00fcr den Inhalt der verlinkten Seiten sind ausschlie\u00dflich deren Betreiber verantwortlich.<\/p>\n<hr \/>\n<h1><strong>Urheberrecht<\/strong><\/h1>\n<p>Die vorliegenden Inhalte der Internetpr\u00e4senz von Dr. Olaf Denz (B\u00fcro f\u00fcr Vegetationskunde, Tier\u00f6kologie, Naturschutz) sind urheberrechtlich gesch\u00fctzt. Bei der Verwendung der Bilder wurden die Lizenzbestimmungen durch Angabe von Bildname, URL, Quelle, Autor und Lizenz beachtet wie folgt:<\/p>\n<p>&nbsp;<\/p>\n<p><strong>Bezug: Hausrotschwanz bei der F\u00fctterung der Jungtiere<br \/>\n<\/strong><\/p>\n<p>Name des Bildes:<\/p>\n<p>Hausrotschwanz Brutpflege 2006-05-24 211.jpg<\/p>\n<p>URL:<\/p>\n<p>http:\/\/commons.wikimedia.org\/wiki\/File:Hausrotschwanz_Brutpflege_2006-05-24_211.jpg?uselang=de<\/p>\n<p>Quelle:<\/p>\n<p>Wikimedia Commons, das freie Medienarchiv<\/p>\n<p>Autor:<\/p>\n<p><a href=\"http:\/\/commons.wikimedia.org\/wiki\/User:Stefan-Xp\">Stefan-Xp<\/a><\/p>\n<p>Lizenz:<\/p>\n<p><a href=\"http:\/\/en.wikipedia.org\/wiki\/de:GNU-Lizenz_f%C3%BCr_freie_Dokumentation\">GNU-Lizenz f\u00fcr freie Dokumentation<\/a>, Version 1.2 oder eine sp\u00e4tere Version, ver\u00f6ffentlicht von der <a href=\"http:\/\/en.wikipedia.org\/wiki\/de:Free_Software_Foundation\">Free Software Foundation<\/a>.<\/p>\n<p>Diese Datei ist unter der <a href=\"http:\/\/en.wikipedia.org\/wiki\/de:Creative_Commons\">Creative-Commons<\/a>-Lizenz <a href=\"http:\/\/creativecommons.org\/licenses\/by-sa\/3.0\/deed.de\">\u201eNamensnennung \u2013 Weitergabe unter gleichen Bedingungen 3.0 nicht portiert\u201c<\/a> lizenziert.<\/p>\n<p>&nbsp;<\/p>\n<p><strong>Bezug: Mehlschwalbe am Nest<br \/>\n<\/strong><\/p>\n<p>Name des Bildes:<\/p>\n<p>F\u00fctternde Mehlschwalbe.JPG<\/p>\n<p>URL:<\/p>\n<p><a href=\"http:\/\/commons.wikimedia.org\/wiki\/File:F%C3%BCtternde_Mehlschwalbe.JPG?uselang=de\">http:\/\/commons.wikimedia.org\/wiki\/File:F%C3%BCtternde_Mehlschwalbe.JPG?uselang=de<\/a><\/p>\n<p>Quelle:<\/p>\n<p>Wikimedia Commons, das freie Medienarchiv<\/p>\n<p>Autor:<\/p>\n<p><a href=\"http:\/\/commons.wikimedia.org\/wiki\/User:4028mdk09\">4028mdk09<\/a><\/p>\n<p>Lizenz:<\/p>\n<p>Diese Datei ist unter der <a href=\"http:\/\/en.wikipedia.org\/wiki\/de:Creative_Commons\">Creative-Commons<\/a>-Lizenz <a href=\"http:\/\/creativecommons.org\/licenses\/by-sa\/3.0\/deed.de\">\u201eNamensnennung \u2013 Weitergabe unter gleichen Bedingungen 3.0 nicht portiert\u201c<\/a> lizenziert.<\/p>\n<p>&nbsp;<\/p>\n<p><strong>Bezug: Turmfalke-Nistplatz in Geb\u00e4udenische<\/strong><\/p>\n<p>Name des Bildes:<\/p>\n<p>Falco tinnunculus male female am.jpg<\/p>\n<p>&nbsp;<\/p>\n<p>URL:<\/p>\n<p>http:\/\/commons.wikimedia.org\/wiki\/File:Falco_tinnunculus_male_female_am.jpg<\/p>\n<p>Quelle:<\/p>\n<p>Wikimedia Commons, das freie Medienarchiv<\/p>\n<p>Autor:<\/p>\n<p><a href=\"http:\/\/commons.wikimedia.org\/wiki\/User:Amikosik\">Artur Miko\u0142ajewski<\/a><\/p>\n<p>Lizenz:<\/p>\n<p>GNU-Lizenz f\u00fcr freie Dokumentation, Version 1.2 oder eine sp\u00e4tere Version, ver\u00f6ffentlicht von der Free Software Foundation.<\/p>\n<p>Diese Datei ist unter der Creative-Commons-Lizenz \u201eNamensnennung \u2013 Weitergabe unter gleichen Bedingungen 3.0 nicht portiert\u201c lizenziert.<\/p>\n<p>&nbsp;<\/p>\n<p><strong>Bezug: Fledermaus in Mauerspalte<\/strong><\/p>\n<p>Name des Bildes:<\/p>\n<p>Langohr Im Spalt.jpg<\/p>\n<p>URL:<\/p>\n<p><a href=\"http:\/\/de.wikipedia.org\/wiki\/Datei:Langohr_Im_Spalt.jpg\">http:\/\/de.wikipedia.org\/wiki\/Datei:Langohr_Im_Spalt.jpg<\/a><\/p>\n<p>Quelle:<\/p>\n<p>Wikipedia, die freie Enzyklop\u00e4die<\/p>\n<p>Autor:<\/p>\n<p><a href=\"http:\/\/de.wikipedia.org\/wiki\/Benutzer:XN\">Guido Gerding<\/a><\/p>\n<p>Lizenz:<\/p>\n<p>GNU-Lizenz f\u00fcr freie Dokumentation, Version 1.2 oder eine sp\u00e4tere Version, ver\u00f6ffentlicht von der Free Software Foundation.<\/p>\n<p>Diese Datei wurde unter den Bedingungen der \u201eCreative Commons Namensnennung-Weitergabe unter gleichen Bedingungen Unported\u201c-Lizenz (abgek\u00fcrzt \u201ecc-by-sa\u201c) in der Version 3.0 ver\u00f6ffentlicht.<\/p>\n<p>&nbsp;<\/p>\n<p><strong>Bezug: Zwergfledermaus an Hauswand<\/strong><\/p>\n<p>Name des Bildes:<\/p>\n<p>Pipistrellus-pipistrellus.jpg<\/p>\n<p>URL:<\/p>\n<p><a href=\"http:\/\/commons.wikimedia.org\/wiki\/File:Pipistrellus-pipistrellus.jpg?uselang=de\">http:\/\/commons.wikimedia.org\/wiki\/File:Pipistrellus-pipistrellus.jpg?uselang=de<\/a><\/p>\n<p>Quelle:<\/p>\n<p>Wikimedia Commons, das freie Medienarchiv<\/p>\n<p>Autor:<\/p>\n<p><a href=\"http:\/\/commons.wikimedia.org\/wiki\/User:%C3%89go%C3%AFt%C3%A9\">\u00c9go\u00eft\u00e9<\/a><\/p>\n<p>Lizenz:<\/p>\n<p>Diese Datei ist unter der <a href=\"http:\/\/en.wikipedia.org\/wiki\/de:Creative_Commons\">Creative-Commons<\/a>-Lizenz <a href=\"http:\/\/creativecommons.org\/licenses\/by-sa\/3.0\/deed.de\">\u201eNamensnennung \u2013 Weitergabe unter gleichen Bedingungen 3.0 nicht portiert\u201c<\/a> lizenziert.<\/p>\n<p>&nbsp;<\/p>\n<p><strong>Bezug: Mausohr-Kolonie<\/strong><\/p>\n<p>Name des Bildes:<\/p>\n<p>Myotis myotis, nursery roost.jpg<\/p>\n<p>URL:<\/p>\n<p><a href=\"http:\/\/commons.wikimedia.org\/wiki\/File:Myotis_myotis,_nursery_roost.jpg?uselang=de\">http:\/\/commons.wikimedia.org\/wiki\/File:Myotis_myotis,_nursery_roost.jpg?uselang=de<\/a><\/p>\n<p>Quelle:<\/p>\n<p>Wikimedia Commons, das freie Medienarchiv<\/p>\n<p>Autor:<\/p>\n<p><a href=\"http:\/\/commons.wikimedia.org\/wiki\/User:Mnolf\">Mnolf<\/a><\/p>\n<p>Lizenz:<\/p>\n<p>GNU-Lizenz f\u00fcr freie Dokumentation, Version 1.2 oder eine sp\u00e4tere Version, ver\u00f6ffentlicht von der Free Software Foundation.<\/p>\n<p>Diese Datei ist unter der Creative-Commons-Lizenz \u201eNamensnennung \u2013 Weitergabe unter gleichen Bedingungen 3.0 nicht portiert\u201c lizenziert.<\/p>\n<p>&nbsp;<\/p>\n<p><strong>Bezug: Siebenschl\u00e4fer unter Holzbalken<\/strong><\/p>\n<p>Name des Bildes:<\/p>\n<p>Loir maison.jpg<\/p>\n<p>URL:<\/p>\n<p>http:\/\/commons.wikimedia.org\/wiki\/File:Loir_maison.jpg<\/p>\n<p>Quelle:<\/p>\n<p>Wikimedia Commons, das freie Medienarchiv<\/p>\n<p>Autor:<\/p>\n<p><a href=\"http:\/\/commons.wikimedia.org\/wiki\/User:Julien_31\">Julien 31<\/a><\/p>\n<p>Lizenz:<\/p>\n<p>GNU-Lizenz f\u00fcr freie Dokumentation, Version 1.2 oder eine sp\u00e4tere Version, ver\u00f6ffentlicht von der Free Software Foundation.<\/p>\n<p>Diese Datei ist unter der Creative-Commons-Lizenz \u201eNamensnennung \u2013 Weitergabe unter gleichen Bedingungen 3.0 nicht portiert\u201c lizenziert.<\/p>\n<p>&nbsp;<\/p>\n<p><strong>Bezug: Mauereidechse<\/strong><\/p>\n<p>Name des Bildes:<\/p>\n<p>WallLizard.jpg<\/p>\n<p>URL:<\/p>\n<p>http:\/\/commons.wikimedia.org\/wiki\/File:WallLizard.jpg<\/p>\n<p>Quelle:<\/p>\n<p>Wikimedia Commons, das freie Medienarchiv<\/p>\n<p>Autor:<\/p>\n<p><a href=\"http:\/\/commons.wikimedia.org\/wiki\/User:Manfred_Heyde\">Manfred Heyde<\/a><\/p>\n<p>Lizenz:<\/p>\n<p>GNU-Lizenz f\u00fcr freie Dokumentation, Version 1.2 oder eine sp\u00e4tere Version, ver\u00f6ffentlicht von der Free Software Foundation.<\/p>\n<p>Diese Datei ist unter der Creative-Commons-Lizenz \u201eNamensnennung \u2013 Weitergabe unter gleichen Bedingungen 3.0 nicht portiert\u201c lizenziert.<\/p>\n<p>Diese Lizenzmarkierung wurde auf Grund der GFDL-<a href=\"http:\/\/meta.wikimedia.org\/wiki\/Licensing_update\/de\">Lizenzaktualisierung<\/a> hinzugef\u00fcgt.<\/p>\n<p>Diese Datei ist unter den <a href=\"http:\/\/en.wikipedia.org\/wiki\/de:Creative_Commons\">Creative-Commons<\/a>-Lizenzen \u201eNamensnennung \u2013 Weitergabe unter gleichen Bedingungen <a href=\"http:\/\/creativecommons.org\/licenses\/by-sa\/2.5\/deed.de\">2.5 generisch\u201c,<\/a> <a href=\"http:\/\/creativecommons.org\/licenses\/by-sa\/2.0\/deed.de\">\u201e2.0 generisch\u201c<\/a> und <a href=\"http:\/\/creativecommons.org\/licenses\/by-sa\/1.0\/deed.de\">\u201e1.0 generisch\u201c<\/a> lizenziert.<\/p>\n","protected":false},"excerpt":{"rendered":"<p>Diclaimer Inhalte des Onlineangebotes \/ Verweise und Links Dr. Olaf Denz (B\u00fcro f\u00fcr Vegetationskunde, Tier\u00f6kologie, Naturschutz) bem\u00fcht sich im Rahmen des Zumutbaren, dass die auf dieser Internetpr\u00e4senz enthaltenen Informationen und Daten zutreffend sind. Eine Haftung oder Garantie f\u00fcr die Aktualit\u00e4t, Richtigkeit und Vollst\u00e4ndigkeit der zur Verf\u00fcgung gestellten Informationen und Daten ist jedoch ausgeschlossen. Dies gilt &hellip; <\/p>\n<p class=\"link-more\"><a href=\"https:\/\/artenschutz-bonn-rhein-sieg.de\/?page_id=116\" class=\"more-link\"><span class=\"screen-reader-text\">&#8222;Disclaimer und Urherberrecht&#8220;<\/span> weiterlesen<\/a><\/p>\n","protected":false},"author":1,"featured_media":0,"parent":0,"menu_order":0,"comment_status":"closed","ping_status":"closed","template":"","meta":[],"_links":{"self":[{"href":"https:\/\/artenschutz-bonn-rhein-sieg.de\/index.php?rest_route=\/wp\/v2\/pages\/116"}],"collection":[{"href":"https:\/\/artenschutz-bonn-rhein-sieg.de\/index.php?rest_route=\/wp\/v2\/pages"}],"about":[{"href":"https:\/\/artenschutz-bonn-rhein-sieg.de\/index.php?rest_route=\/wp\/v2\/types\/page"}],"author":[{"embeddable":true,"href":"https:\/\/artenschutz-bonn-rhein-sieg.de\/index.php?rest_route=\/wp\/v2\/users\/1"}],"replies":[{"embeddable":true,"href":"https:\/\/artenschutz-bonn-rhein-sieg.de\/index.php?rest_route=%2Fwp%2Fv2%2Fcomments&post=116"}],"version-history":[{"count":0,"href":"https:\/\/artenschutz-bonn-rhein-sieg.de\/index.php?rest_route=\/wp\/v2\/pages\/116\/revisions"}],"wp:attachment":[{"href":"https:\/\/artenschutz-bonn-rhein-sieg.de\/index.php?rest_route=%2Fwp%2Fv2%2Fmedia&parent=116"}],"curies":[{"name":"wp","href":"https:\/\/api.w.org\/{rel}","templated":true}]}}