{"id":126,"date":"2017-04-14T14:29:27","date_gmt":"2017-04-14T14:29:27","guid":{"rendered":"http:\/\/denz-artenschutz.de\/?page_id=126"},"modified":"2017-06-15T19:16:33","modified_gmt":"2017-06-15T19:16:33","slug":"artenschutzpruefung","status":"publish","type":"page","link":"https:\/\/artenschutz-bonn-rhein-sieg.de\/?page_id=126","title":{"rendered":"Artenschutzpr\u00fcfung"},"content":{"rendered":"<p>Das erforderliche Gutachten der Artenschutzpr\u00fcfung (ASP) kann kurzfristig erstellt werden.<\/p>\n<p>Es umfasst im Rahmen der Vorpr\u00fcfung zum Artenspektrum und zu den Wirkfaktoren (ASP Stufe I):<\/p>\n<ul>\n<li style=\"text-align: left;\">die eingehende Beratung<\/li>\n<li style=\"text-align: left;\">die Besichtigung zur Erfassung von Arten und ihren Lebensst\u00e4tten inner- und au\u00dferhalb des Geb\u00e4udes<\/li>\n<li style=\"text-align: left;\">die Dokumentation der \u00dcberpr\u00fcfung (Text und Fotos)<\/li>\n<li style=\"text-align: left;\">die Bewertung der artenschutzrechtlichen Betroffenheiten<\/li>\n<li style=\"text-align: left;\">L\u00f6sungsvorschl\u00e4ge, falls Konflikte mit dem Artenschutz bestehen, so genannte Vermeidungs-, Minderungs- und Ausgleichsma\u00dfnahmen<\/li>\n<\/ul>\n<p>Dar\u00fcber hinaus werden \u2013 sofern notwendig \u2013 im Zuge einer vertiefenden Pr\u00fcfung der Verbotstatbest\u00e4nde (ASP Stufe II) weitergehende artenschutzrechtliche Untersuchungen und\/oder eine sp\u00e4tere Unterst\u00fctzung (\u00d6kologische Baubegleitung&nbsp; &#8211; \u00d6BB) und die Erfolgskontrolle m\u00f6glicher Ma\u00dfnahmen zur artenschutzrechtlichen Konflikt\u00advermeidung angeboten, z.B. bei Umsiedlungsma\u00dfnahmen von Tieren.<\/p>\n<p>Alle Arbeiten werden zeitnah und fristgerecht in enger Abstimmung mit dem\/der Bauherrn\/-in und der zust\u00e4ndigen Genehmi\u00adgungsbeh\u00f6rde durchgef\u00fchrt.<\/p>\n<p>Gerne erstellen wir Ihnen ein individuelles Angebot.<\/p>\n","protected":false},"excerpt":{"rendered":"<p>Das erforderliche Gutachten der Artenschutzpr\u00fcfung (ASP) kann kurzfristig erstellt werden. Es umfasst im Rahmen der Vorpr\u00fcfung zum Artenspektrum und zu den Wirkfaktoren (ASP Stufe I): die eingehende Beratung die Besichtigung zur Erfassung von Arten und ihren Lebensst\u00e4tten inner- und au\u00dferhalb des Geb\u00e4udes die Dokumentation der \u00dcberpr\u00fcfung (Text und Fotos) die Bewertung der artenschutzrechtlichen Betroffenheiten L\u00f6sungsvorschl\u00e4ge, &hellip; <\/p>\n<p class=\"link-more\"><a href=\"https:\/\/artenschutz-bonn-rhein-sieg.de\/?page_id=126\" class=\"more-link\"><span class=\"screen-reader-text\">&#8222;Artenschutzpr\u00fcfung&#8220;<\/span> weiterlesen<\/a><\/p>\n","protected":false},"author":1,"featured_media":0,"parent":0,"menu_order":0,"comment_status":"closed","ping_status":"closed","template":"","meta":[],"_links":{"self":[{"href":"https:\/\/artenschutz-bonn-rhein-sieg.de\/index.php?rest_route=\/wp\/v2\/pages\/126"}],"collection":[{"href":"https:\/\/artenschutz-bonn-rhein-sieg.de\/index.php?rest_route=\/wp\/v2\/pages"}],"about":[{"href":"https:\/\/artenschutz-bonn-rhein-sieg.de\/index.php?rest_route=\/wp\/v2\/types\/page"}],"author":[{"embeddable":true,"href":"https:\/\/artenschutz-bonn-rhein-sieg.de\/index.php?rest_route=\/wp\/v2\/users\/1"}],"replies":[{"embeddable":true,"href":"https:\/\/artenschutz-bonn-rhein-sieg.de\/index.php?rest_route=%2Fwp%2Fv2%2Fcomments&post=126"}],"version-history":[{"count":1,"href":"https:\/\/artenschutz-bonn-rhein-sieg.de\/index.php?rest_route=\/wp\/v2\/pages\/126\/revisions"}],"predecessor-version":[{"id":190,"href":"https:\/\/artenschutz-bonn-rhein-sieg.de\/index.php?rest_route=\/wp\/v2\/pages\/126\/revisions\/190"}],"wp:attachment":[{"href":"https:\/\/artenschutz-bonn-rhein-sieg.de\/index.php?rest_route=%2Fwp%2Fv2%2Fmedia&parent=126"}],"curies":[{"name":"wp","href":"https:\/\/api.w.org\/{rel}","templated":true}]}}