{"id":14,"date":"2017-04-13T11:45:58","date_gmt":"2017-04-13T11:45:58","guid":{"rendered":"http:\/\/denz-artenschutz.de\/?page_id=14"},"modified":"2018-04-01T13:42:50","modified_gmt":"2018-04-01T13:42:50","slug":"kontakt","status":"publish","type":"page","link":"https:\/\/artenschutz-bonn-rhein-sieg.de\/?page_id=14","title":{"rendered":"Kontakt"},"content":{"rendered":"<h3>Ihr kompetenter Ansprechpartner mit \u00fcber 25j\u00e4hriger Berufserfahrung bei artenschutzrechtlichen Pr\u00fcfungen, Gutachen und Beratungen in Bonn, K\u00f6ln, im Rhein-Sieg-Kreis, im Kreis Euskirchen und im Kreis Ahrweiler:<\/h3>\n<p>&nbsp;<\/p>\n<p><img decoding=\"async\" loading=\"lazy\" class=\"alignnone size-medium wp-image-16\" src=\"http:\/\/artenschutz-bonn-rhein-sieg.de\/wp-content\/uploads\/2017\/04\/Verbrecher-244x300.jpg\" alt=\"\" width=\"244\" height=\"300\" srcset=\"https:\/\/artenschutz-bonn-rhein-sieg.de\/wp-content\/uploads\/2017\/04\/Verbrecher-244x300.jpg 244w, https:\/\/artenschutz-bonn-rhein-sieg.de\/wp-content\/uploads\/2017\/04\/Verbrecher-768x945.jpg 768w, https:\/\/artenschutz-bonn-rhein-sieg.de\/wp-content\/uploads\/2017\/04\/Verbrecher-832x1024.jpg 832w, https:\/\/artenschutz-bonn-rhein-sieg.de\/wp-content\/uploads\/2017\/04\/Verbrecher.jpg 926w\" sizes=\"(max-width: 244px) 100vw, 244px\" \/><\/p>\n<p><b>Dr. rer. nat. Olaf Denz<\/b><br \/>\nDiplom-Biologe, Unabh\u00e4ngiger Naturschutz-Fachgutachter<br \/>\nB\u00fcro f\u00fcr Vegetationskunde, Tier\u00f6kologie, Naturschutz (BfVTN)<\/p>\n<p>Gudenauer Busch 2<br \/>\n53343 Wachtberg<\/p>\n<p>Tel.: 02 28 &#8211; 9 32 45 18<br \/>\nMobil: 01 51 &#8211; 6 14 14 28 7<\/p>\n<p>Email: denz@artenschutz-bonn-rhein-sieg.de<\/p>\n","protected":false},"excerpt":{"rendered":"<p>Ihr kompetenter Ansprechpartner mit \u00fcber 25j\u00e4hriger Berufserfahrung bei artenschutzrechtlichen Pr\u00fcfungen, Gutachen und Beratungen in Bonn, K\u00f6ln, im Rhein-Sieg-Kreis, im Kreis Euskirchen und im Kreis Ahrweiler: &nbsp; Dr. rer. nat. Olaf Denz Diplom-Biologe, Unabh\u00e4ngiger Naturschutz-Fachgutachter B\u00fcro f\u00fcr Vegetationskunde, Tier\u00f6kologie, Naturschutz (BfVTN) Gudenauer Busch 2 53343 Wachtberg Tel.: 02 28 &#8211; 9 32 45 18 Mobil: 01 &hellip; <\/p>\n<p class=\"link-more\"><a href=\"https:\/\/artenschutz-bonn-rhein-sieg.de\/?page_id=14\" class=\"more-link\"><span class=\"screen-reader-text\">&#8222;Kontakt&#8220;<\/span> weiterlesen<\/a><\/p>\n","protected":false},"author":1,"featured_media":0,"parent":0,"menu_order":0,"comment_status":"closed","ping_status":"closed","template":"","meta":[],"_links":{"self":[{"href":"https:\/\/artenschutz-bonn-rhein-sieg.de\/index.php?rest_route=\/wp\/v2\/pages\/14"}],"collection":[{"href":"https:\/\/artenschutz-bonn-rhein-sieg.de\/index.php?rest_route=\/wp\/v2\/pages"}],"about":[{"href":"https:\/\/artenschutz-bonn-rhein-sieg.de\/index.php?rest_route=\/wp\/v2\/types\/page"}],"author":[{"embeddable":true,"href":"https:\/\/artenschutz-bonn-rhein-sieg.de\/index.php?rest_route=\/wp\/v2\/users\/1"}],"replies":[{"embeddable":true,"href":"https:\/\/artenschutz-bonn-rhein-sieg.de\/index.php?rest_route=%2Fwp%2Fv2%2Fcomments&post=14"}],"version-history":[{"count":2,"href":"https:\/\/artenschutz-bonn-rhein-sieg.de\/index.php?rest_route=\/wp\/v2\/pages\/14\/revisions"}],"predecessor-version":[{"id":205,"href":"https:\/\/artenschutz-bonn-rhein-sieg.de\/index.php?rest_route=\/wp\/v2\/pages\/14\/revisions\/205"}],"wp:attachment":[{"href":"https:\/\/artenschutz-bonn-rhein-sieg.de\/index.php?rest_route=%2Fwp%2Fv2%2Fmedia&parent=14"}],"curies":[{"name":"wp","href":"https:\/\/api.w.org\/{rel}","templated":true}]}}