{"id":39,"date":"2017-04-13T19:31:49","date_gmt":"2017-04-13T19:31:49","guid":{"rendered":"http:\/\/denz-artenschutz.de\/?page_id=39"},"modified":"2017-06-17T19:41:20","modified_gmt":"2017-06-17T19:41:20","slug":"info-und-uebersicht","status":"publish","type":"page","link":"https:\/\/artenschutz-bonn-rhein-sieg.de\/","title":{"rendered":"Bauma\u00dfnahmen und Artenschutz"},"content":{"rendered":"<p>Abbruch-, Sanierungs- und Umbauvorhaben von Geb\u00e4uden oder Geb\u00e4udeteilen k\u00f6nnen im Konflikt mit dem Artenschutz stehen. Dies ist darauf zur\u00fcckzuf\u00fchren, dass Tiere in ihrem Lebensraum beeintr\u00e4chtigt werden.<\/p>\n<p>Betroffen sind insbesondere V\u00f6gel, vor allem Geb\u00e4ude- und Fassadenbr\u00fcter, Flederm\u00e4use, Kleins\u00e4uger und Reptilien, z.B.:<\/p>\n<style id=\"bwg-style-0\">    #bwg_container1_0 #bwg_container2_0 .bwg-container-0.bwg-standard-thumbnails {      width: 484px;              justify-content: center;        margin:0 auto !important;              background-color: rgba(255, 255, 255, 0.00);            padding-left: 4px;      padding-top: 4px;      max-width: 100%;            }        #bwg_container1_0 #bwg_container2_0 .bwg-container-0.bwg-standard-thumbnails .bwg-item {    justify-content: flex-start;      max-width: 240px;          }    #bwg_container1_0 #bwg_container2_0 .bwg-container-0.bwg-standard-thumbnails .bwg-item a {       margin-right: 4px;       margin-bottom: 4px;    }    #bwg_container1_0 #bwg_container2_0 .bwg-container-0.bwg-standard-thumbnails .bwg-item0 {      padding: 0px;            background-color:rgba(255,255,255, 0.30);      border: 0px none #CCCCCC;      opacity: 1.00;      border-radius: 0;      box-shadow: 0px 0px 0px #888888;    }    #bwg_container1_0 #bwg_container2_0 .bwg-container-0.bwg-standard-thumbnails .bwg-item1 img {      max-height: none;      max-width: none;      padding: 0 !important;    }        @media only screen and (min-width: 480px) {      #bwg_container1_0 #bwg_container2_0 .bwg-container-0.bwg-standard-thumbnails .bwg-item0 {        transition: all 0.3s ease 0s;-webkit-transition: all 0.3s ease 0s;      }      #bwg_container1_0 #bwg_container2_0 .bwg-container-0.bwg-standard-thumbnails .bwg-item0:hover {        -ms-transform: scale(1.1);        -webkit-transform: scale(1.1);        transform: scale(1.1);      }    }          #bwg_container1_0 #bwg_container2_0 .bwg-container-0.bwg-standard-thumbnails .bwg-item1 {      padding-top: 85%;    }        #bwg_container1_0 #bwg_container2_0 .bwg-container-0.bwg-standard-thumbnails .bwg-title1 {      position: absolute;      top: 0;      z-index: 100;      width: 100%;      height: 100%;      display: flex;      justify-content: center;      align-content: center;      flex-direction: column;      opacity: 0;    }\t      #bwg_container1_0 #bwg_container2_0 .bwg-container-0.bwg-standard-thumbnails .bwg-title2,    #bwg_container1_0 #bwg_container2_0 .bwg-container-0.bwg-standard-thumbnails .bwg-ecommerce2 {      color: #FFFFFF;      font-family: segoe ui;      font-size: 16px;      font-weight: bold;      padding: 2px;      text-shadow: 0px 0px 0px #888888;      max-height: 100%;    }    #bwg_container1_0 #bwg_container2_0 .bwg-container-0.bwg-standard-thumbnails .bwg-thumb-description span {    color: #323A45;    font-family: Ubuntu;    font-size: 12px;    max-height: 100%;    word-wrap: break-word;    }    #bwg_container1_0 #bwg_container2_0 .bwg-container-0.bwg-standard-thumbnails .bwg-play-icon2 {      font-size: 32px;    }    #bwg_container1_0 #bwg_container2_0 .bwg-container-0.bwg-standard-thumbnails .bwg-ecommerce2 {      font-size: 19.2px;      color: #CCCCCC;    }    <\/style>    <div id=\"bwg_container1_0\"         class=\"bwg_container bwg_thumbnail bwg_thumbnails \"         data-right-click-protection=\"0\"         data-bwg=\"0\"         data-scroll=\"0\"         data-gallery-type=\"thumbnails\"         data-gallery-view-type=\"thumbnails\"         data-current-url=\"\/index.php?rest_route=%2Fwp%2Fv2%2Fpages%2F39\"         data-lightbox-url=\"https:\/\/artenschutz-bonn-rhein-sieg.de\/wp-admin\/admin-ajax.php?action=GalleryBox&#038;current_view=0&#038;gallery_id=1&#038;tag=0&#038;theme_id=1&#038;shortcode_id=1&#038;sort_by=order&#038;order_by=asc&#038;current_url=%2Findex.php%3Frest_route%3D%252Fwp%252Fv2%252Fpages%252F39\"         data-gallery-id=\"1\"         data-popup-width=\"800\"         data-popup-height=\"500\"         data-is-album=\"gallery\"         data-buttons-position=\"bottom\">      <div id=\"bwg_container2_0\">             <div id=\"ajax_loading_0\" class=\"bwg_loading_div_1\">      <div class=\"bwg_loading_div_2\">        <div class=\"bwg_loading_div_3\">          <div id=\"loading_div_0\" class=\"bwg_spider_ajax_loading\">          <\/div>        <\/div>      <\/div>    <\/div>            <form id=\"gal_front_form_0\"              class=\"bwg-hidden\"              method=\"post\"              action=\"#\"              data-current=\"0\"              data-shortcode-id=\"1\"              data-gallery-type=\"thumbnails\"              data-gallery-id=\"1\"              data-tag=\"0\"              data-album-id=\"0\"              data-theme-id=\"1\"              data-ajax-url=\"https:\/\/artenschutz-bonn-rhein-sieg.de\/wp-admin\/admin-ajax.php?action=bwg_frontend_data\">          <div id=\"bwg_container3_0\" class=\"bwg-background bwg-background-0\">                <div data-max-count=\"2\"         data-thumbnail-width=\"240\"         data-bwg=\"0\"         data-gallery-id=\"1\"         data-lightbox-url=\"https:\/\/artenschutz-bonn-rhein-sieg.de\/wp-admin\/admin-ajax.php?action=GalleryBox&amp;current_view=0&amp;gallery_id=1&amp;tag=0&amp;theme_id=1&amp;shortcode_id=1&amp;sort_by=order&amp;order_by=asc&amp;current_url=%2Findex.php%3Frest_route%3D%252Fwp%252Fv2%252Fpages%252F39\"         id=\"bwg_thumbnails_0\"         class=\"bwg-container-0 bwg-thumbnails bwg-standard-thumbnails bwg-container bwg-border-box\">            <div class=\"bwg-item\">        <a class=\"bwg-a  bwg_lightbox\"  data-image-id=\"1\" href=\"https:\/\/artenschutz-bonn-rhein-sieg.de\/wp-content\/uploads\/photo-gallery\/Hausrotschwanz_F\u00fctterung_Jungtiere.jpg\" data-elementor-open-lightbox=\"no\">                <div class=\"bwg-item0 \">          <div class=\"bwg-item1 \">            <div class=\"bwg-item2\">              <img class=\"skip-lazy bwg_standart_thumb_img_0 \"                   data-id=\"1\"                   data-width=\"\"                   data-height=\"\"                   data-src=\"https:\/\/artenschutz-bonn-rhein-sieg.de\/wp-content\/uploads\/photo-gallery\/thumb\/Hausrotschwanz_F\u00fctterung_Jungtiere.jpg\"                   src=\"https:\/\/artenschutz-bonn-rhein-sieg.de\/wp-content\/uploads\/photo-gallery\/thumb\/Hausrotschwanz_F\u00fctterung_Jungtiere.jpg\"                   alt=\"Hausrotschwanz bei der F\u00fctterung der Jungtiere\"                   title=\"Hausrotschwanz bei der F\u00fctterung der Jungtiere\" \/>            <\/div>            <div class=\"\">              <div class=\"bwg-title1\"><div class=\"bwg-title2\">Hausrotschwanz bei der F\u00fctterung der Jungtiere<\/div><\/div>                                        <\/div>          <\/div>        <\/div>                        <\/a>              <\/div>            <div class=\"bwg-item\">        <a class=\"bwg-a  bwg_lightbox\"  data-image-id=\"3\" href=\"https:\/\/artenschutz-bonn-rhein-sieg.de\/wp-content\/uploads\/photo-gallery\/Turmfalken-Nistplatz_in_Geb\u00e4udenische.jpg\" data-elementor-open-lightbox=\"no\">                <div class=\"bwg-item0 \">          <div class=\"bwg-item1 \">            <div class=\"bwg-item2\">              <img class=\"skip-lazy bwg_standart_thumb_img_0 \"                   data-id=\"3\"                   data-width=\"\"                   data-height=\"\"                   data-src=\"https:\/\/artenschutz-bonn-rhein-sieg.de\/wp-content\/uploads\/photo-gallery\/thumb\/Turmfalken-Nistplatz_in_Geb\u00e4udenische.jpg\"                   src=\"https:\/\/artenschutz-bonn-rhein-sieg.de\/wp-content\/uploads\/photo-gallery\/thumb\/Turmfalken-Nistplatz_in_Geb\u00e4udenische.jpg\"                   alt=\"Turmfalken-Nistplatz in Geb\u00e4udenische\"                   title=\"Turmfalken-Nistplatz in Geb\u00e4udenische\" \/>            <\/div>            <div class=\"\">              <div class=\"bwg-title1\"><div class=\"bwg-title2\">Turmfalken-Nistplatz in Geb\u00e4udenische<\/div><\/div>                                        <\/div>          <\/div>        <\/div>                        <\/a>              <\/div>            <div class=\"bwg-item\">        <a class=\"bwg-a  bwg_lightbox\"  data-image-id=\"2\" href=\"https:\/\/artenschutz-bonn-rhein-sieg.de\/wp-content\/uploads\/photo-gallery\/Mehlslchwalbe_f\u00fctternd_aufgehellt.jpg\" data-elementor-open-lightbox=\"no\">                <div class=\"bwg-item0 \">          <div class=\"bwg-item1 \">            <div class=\"bwg-item2\">              <img class=\"skip-lazy bwg_standart_thumb_img_0 \"                   data-id=\"2\"                   data-width=\"\"                   data-height=\"\"                   data-src=\"https:\/\/artenschutz-bonn-rhein-sieg.de\/wp-content\/uploads\/photo-gallery\/thumb\/Mehlslchwalbe_f\u00fctternd_aufgehellt.jpg\"                   src=\"https:\/\/artenschutz-bonn-rhein-sieg.de\/wp-content\/uploads\/photo-gallery\/thumb\/Mehlslchwalbe_f\u00fctternd_aufgehellt.jpg\"                   alt=\"Mehlslchwalbe am Nest\"                   title=\"Mehlslchwalbe am Nest\" \/>            <\/div>            <div class=\"\">              <div class=\"bwg-title1\"><div class=\"bwg-title2\">Mehlslchwalbe am Nest<\/div><\/div>                                        <\/div>          <\/div>        <\/div>                        <\/a>              <\/div>            <div class=\"bwg-item\">        <a class=\"bwg-a  bwg_lightbox\"  data-image-id=\"7\" href=\"https:\/\/artenschutz-bonn-rhein-sieg.de\/wp-content\/uploads\/photo-gallery\/Mausohr-Kolonie.jpg\" data-elementor-open-lightbox=\"no\">                <div class=\"bwg-item0 \">          <div class=\"bwg-item1 \">            <div class=\"bwg-item2\">              <img class=\"skip-lazy bwg_standart_thumb_img_0 \"                   data-id=\"7\"                   data-width=\"\"                   data-height=\"\"                   data-src=\"https:\/\/artenschutz-bonn-rhein-sieg.de\/wp-content\/uploads\/photo-gallery\/thumb\/Mausohr-Kolonie.jpg\"                   src=\"https:\/\/artenschutz-bonn-rhein-sieg.de\/wp-content\/uploads\/photo-gallery\/thumb\/Mausohr-Kolonie.jpg\"                   alt=\"Mausohr-Kolonie\"                   title=\"Mausohr-Kolonie\" \/>            <\/div>            <div class=\"\">              <div class=\"bwg-title1\"><div class=\"bwg-title2\">Mausohr-Kolonie<\/div><\/div>                                        <\/div>          <\/div>        <\/div>                        <\/a>              <\/div>            <div class=\"bwg-item\">        <a class=\"bwg-a  bwg_lightbox\"  data-image-id=\"8\" href=\"https:\/\/artenschutz-bonn-rhein-sieg.de\/wp-content\/uploads\/photo-gallery\/Zwergfledermaus_an_Hauswand.jpg\" data-elementor-open-lightbox=\"no\">                <div class=\"bwg-item0 \">          <div class=\"bwg-item1 \">            <div class=\"bwg-item2\">              <img class=\"skip-lazy bwg_standart_thumb_img_0 \"                   data-id=\"8\"                   data-width=\"\"                   data-height=\"\"                   data-src=\"https:\/\/artenschutz-bonn-rhein-sieg.de\/wp-content\/uploads\/photo-gallery\/thumb\/Zwergfledermaus_an_Hauswand.jpg\"                   src=\"https:\/\/artenschutz-bonn-rhein-sieg.de\/wp-content\/uploads\/photo-gallery\/thumb\/Zwergfledermaus_an_Hauswand.jpg\"                   alt=\"Zwergfledermaus an Hauswand\"                   title=\"Zwergfledermaus an Hauswand\" \/>            <\/div>            <div class=\"\">              <div class=\"bwg-title1\"><div class=\"bwg-title2\">Zwergfledermaus an Hauswand<\/div><\/div>                                        <\/div>          <\/div>        <\/div>                        <\/a>              <\/div>            <div class=\"bwg-item\">        <a class=\"bwg-a  bwg_lightbox\"  data-image-id=\"6\" href=\"https:\/\/artenschutz-bonn-rhein-sieg.de\/wp-content\/uploads\/photo-gallery\/Fledermaus_in_Mauerspalte.jpg\" data-elementor-open-lightbox=\"no\">                <div class=\"bwg-item0 \">          <div class=\"bwg-item1 \">            <div class=\"bwg-item2\">              <img class=\"skip-lazy bwg_standart_thumb_img_0 \"                   data-id=\"6\"                   data-width=\"\"                   data-height=\"\"                   data-src=\"https:\/\/artenschutz-bonn-rhein-sieg.de\/wp-content\/uploads\/photo-gallery\/thumb\/Fledermaus_in_Mauerspalte.jpg\"                   src=\"https:\/\/artenschutz-bonn-rhein-sieg.de\/wp-content\/uploads\/photo-gallery\/thumb\/Fledermaus_in_Mauerspalte.jpg\"                   alt=\"Fledermaus in Mauerspalte\"                   title=\"Fledermaus in Mauerspalte\" \/>            <\/div>            <div class=\"\">              <div class=\"bwg-title1\"><div class=\"bwg-title2\">Fledermaus in Mauerspalte<\/div><\/div>                                        <\/div>          <\/div>        <\/div>                        <\/a>              <\/div>            <div class=\"bwg-item\">        <a class=\"bwg-a  bwg_lightbox\"  data-image-id=\"4\" href=\"https:\/\/artenschutz-bonn-rhein-sieg.de\/wp-content\/uploads\/photo-gallery\/Siebenschl\u00e4fer_unter_Holzbalken.jpg\" data-elementor-open-lightbox=\"no\">                <div class=\"bwg-item0 \">          <div class=\"bwg-item1 \">            <div class=\"bwg-item2\">              <img class=\"skip-lazy bwg_standart_thumb_img_0 \"                   data-id=\"4\"                   data-width=\"\"                   data-height=\"\"                   data-src=\"https:\/\/artenschutz-bonn-rhein-sieg.de\/wp-content\/uploads\/photo-gallery\/thumb\/Siebenschl\u00e4fer_unter_Holzbalken.jpg\"                   src=\"https:\/\/artenschutz-bonn-rhein-sieg.de\/wp-content\/uploads\/photo-gallery\/thumb\/Siebenschl\u00e4fer_unter_Holzbalken.jpg\"                   alt=\"Siebenschl\u00e4fer unter Holzbalken\"                   title=\"Siebenschl\u00e4fer unter Holzbalken\" \/>            <\/div>            <div class=\"\">              <div class=\"bwg-title1\"><div class=\"bwg-title2\">Siebenschl\u00e4fer unter Holzbalken<\/div><\/div>                                        <\/div>          <\/div>        <\/div>                        <\/a>              <\/div>            <div class=\"bwg-item\">        <a class=\"bwg-a  bwg_lightbox\"  data-image-id=\"5\" href=\"https:\/\/artenschutz-bonn-rhein-sieg.de\/wp-content\/uploads\/photo-gallery\/Mauereidechse.jpg\" data-elementor-open-lightbox=\"no\">                <div class=\"bwg-item0 \">          <div class=\"bwg-item1 \">            <div class=\"bwg-item2\">              <img class=\"skip-lazy bwg_standart_thumb_img_0 \"                   data-id=\"5\"                   data-width=\"\"                   data-height=\"\"                   data-src=\"https:\/\/artenschutz-bonn-rhein-sieg.de\/wp-content\/uploads\/photo-gallery\/thumb\/Mauereidechse.jpg\"                   src=\"https:\/\/artenschutz-bonn-rhein-sieg.de\/wp-content\/uploads\/photo-gallery\/thumb\/Mauereidechse.jpg\"                   alt=\"Mauereidechse\"                   title=\"Mauereidechse\" \/>            <\/div>            <div class=\"\">              <div class=\"bwg-title1\"><div class=\"bwg-title2\">Mauereidechse<\/div><\/div>                                        <\/div>          <\/div>        <\/div>                        <\/a>              <\/div>          <\/div>              <\/div>        <\/form>        <style>          #bwg_container1_0 #bwg_container2_0 #spider_popup_overlay_0 {          background-color: #000000;          opacity: 0.70;          }          <\/style>        <div id=\"bwg_spider_popup_loading_0\" class=\"bwg_spider_popup_loading\"><\/div>        <div id=\"spider_popup_overlay_0\" class=\"spider_popup_overlay\" onclick=\"spider_destroypopup(1000)\"><\/div>        <input type=\"hidden\" id=\"bwg_random_seed_0\" value=\"1220624001\">                <\/div>    <\/div>    <script>      if (document.readyState === 'complete') {        if( typeof bwg_main_ready == 'function' ) {          if ( jQuery(\"#bwg_container1_0\").height() ) {            bwg_main_ready(jQuery(\"#bwg_container1_0\"));          }        }      } else {        document.addEventListener('DOMContentLoaded', function() {          if( typeof bwg_main_ready == 'function' ) {            if ( jQuery(\"#bwg_container1_0\").height() ) {             bwg_main_ready(jQuery(\"#bwg_container1_0\"));            }          }        });      }    <\/script>    \n<p>Nach Bundesnaturschutzgesetz \u00a7 44 ist es verboten,&nbsp; Tiere zu t\u00f6ten oder zu verletzen, sie zu st\u00f6ren oder ihre Fortpflanzungs- und Ruhest\u00e4tten zu besch\u00e4digen. Ohne Pr\u00fcfung, ob Tiere durch die Bauma\u00dfnahmen beeintr\u00e4chtigt werden, darf die Naturschutz\u00adbeh\u00f6rde keine Genehmigung erteilen. Dies gilt auch im Fall der Beseitigung von B\u00e4umen oder Str\u00e4uchern.<\/p>\n<p>&nbsp;<\/p>\n<p>&nbsp;<\/p>\n<p>&nbsp;<\/p>\n<p>&nbsp;<\/p>\n<p>&nbsp;<\/p>\n","protected":false},"excerpt":{"rendered":"<p>Abbruch-, Sanierungs- und Umbauvorhaben von Geb\u00e4uden oder Geb\u00e4udeteilen k\u00f6nnen im Konflikt mit dem Artenschutz stehen. Dies ist darauf zur\u00fcckzuf\u00fchren, dass Tiere in ihrem Lebensraum beeintr\u00e4chtigt werden. Betroffen sind insbesondere V\u00f6gel, vor allem Geb\u00e4ude- und Fassadenbr\u00fcter, Flederm\u00e4use, Kleins\u00e4uger und Reptilien, z.B.: Nach Bundesnaturschutzgesetz \u00a7 44 ist es verboten,&nbsp; Tiere zu t\u00f6ten oder zu verletzen, sie zu &hellip; <\/p>\n<p class=\"link-more\"><a href=\"https:\/\/artenschutz-bonn-rhein-sieg.de\/\" class=\"more-link\"><span class=\"screen-reader-text\">&#8222;Bauma\u00dfnahmen und Artenschutz&#8220;<\/span> weiterlesen<\/a><\/p>\n","protected":false},"author":1,"featured_media":0,"parent":0,"menu_order":0,"comment_status":"closed","ping_status":"closed","template":"","meta":[],"_links":{"self":[{"href":"https:\/\/artenschutz-bonn-rhein-sieg.de\/index.php?rest_route=\/wp\/v2\/pages\/39"}],"collection":[{"href":"https:\/\/artenschutz-bonn-rhein-sieg.de\/index.php?rest_route=\/wp\/v2\/pages"}],"about":[{"href":"https:\/\/artenschutz-bonn-rhein-sieg.de\/index.php?rest_route=\/wp\/v2\/types\/page"}],"author":[{"embeddable":true,"href":"https:\/\/artenschutz-bonn-rhein-sieg.de\/index.php?rest_route=\/wp\/v2\/users\/1"}],"replies":[{"embeddable":true,"href":"https:\/\/artenschutz-bonn-rhein-sieg.de\/index.php?rest_route=%2Fwp%2Fv2%2Fcomments&post=39"}],"version-history":[{"count":3,"href":"https:\/\/artenschutz-bonn-rhein-sieg.de\/index.php?rest_route=\/wp\/v2\/pages\/39\/revisions"}],"predecessor-version":[{"id":201,"href":"https:\/\/artenschutz-bonn-rhein-sieg.de\/index.php?rest_route=\/wp\/v2\/pages\/39\/revisions\/201"}],"wp:attachment":[{"href":"https:\/\/artenschutz-bonn-rhein-sieg.de\/index.php?rest_route=%2Fwp%2Fv2%2Fmedia&parent=39"}],"curies":[{"name":"wp","href":"https:\/\/api.w.org\/{rel}","templated":true}]}}